{"id":11139,"date":"2022-04-28T15:10:19","date_gmt":"2022-04-28T14:10:19","guid":{"rendered":"https:\/\/konference-projektovani.cz\/?page_id=11139"},"modified":"2022-04-28T15:48:59","modified_gmt":"2022-04-28T14:48:59","slug":"zasady-pouzivani-cookies","status":"publish","type":"page","link":"https:\/\/konference-projektovani.cz\/?page_id=11139","title":{"rendered":"Z\u00e1sady pou\u017e\u00edv\u00e1n\u00ed cookies"},"content":{"rendered":"\t\t<div data-elementor-type=\"wp-page\" data-elementor-id=\"11139\" class=\"elementor elementor-11139\" data-elementor-post-type=\"page\">\n\t\t\t\t<div class=\"elementor-element elementor-element-2a01d2f e-flex e-con-boxed e-con e-parent\" data-id=\"2a01d2f\" data-element_type=\"container\" data-e-type=\"container\">\n\t\t\t\t\t<div class=\"e-con-inner\">\n\t\t\t\t<div class=\"elementor-element elementor-element-7315f93 elementor-widget elementor-widget-text-editor\" data-id=\"7315f93\" data-element_type=\"widget\" data-e-type=\"widget\" data-widget_type=\"text-editor.default\">\n\t\t\t\t<div class=\"elementor-widget-container\">\n\t\t\t\t\t\t\t\t\t<p><span style=\"color: var( --e-global-color-text ); font-size: 1rem;\">Pou\u017e\u00edv\u00e1n\u00edm webov\u00fdch str\u00e1nek WPDistro.cz u\u017eivatel souhlas\u00ed s pou\u017e\u00edv\u00e1n\u00edm soubor\u016f cookie zp\u016fsobem a pro \u00fa\u010dely uveden\u00e9 v t\u011bchto z\u00e1sad\u00e1ch.<\/span><\/p><p>Tato webov\u00e1 pou\u017e\u00edv\u00e1 vlastn\u00ed soubory cookie a soubory cookie t\u0159et\u00edch stran za \u00fa\u010delem poskytov\u00e1n\u00ed konkuren\u010dn\u00edch slu\u017eeb, v\u010detn\u011b personalizace jimi poskytovan\u00fdch informac\u00ed.<\/p><p>Soubory cookie odes\u00edlan\u00e9 prost\u0159ednictv\u00edm webov\u00fdch str\u00e1nek pou\u017e\u00edv\u00e1me k:<\/p><ul><li>Zachycen\u00ed anonymn\u00edch statistik o n\u00e1v\u0161t\u011bvnosti a zp\u016fsobu pohybu na str\u00e1nk\u00e1ch. Shrom\u00e1\u017ed\u011bn\u00e9 \u00fadaje n\u00e1m pom\u00e1haj\u00ed zlep\u0161ovat na\u0161e slu\u017eby a nab\u00edzet atraktivn\u00ed obsah.<\/li><li>Identifikace v\u0161ech u\u017eivatelsk\u00fdch za\u0159\u00edzen\u00ed a prohl\u00ed\u017ee\u010d\u016f pou\u017e\u00edvan\u00fdch k prohl\u00ed\u017een\u00ed str\u00e1nek webu.<\/li><\/ul><p>Soubory cookie pou\u017e\u00edvan\u00e9 na t\u011bchto str\u00e1nk\u00e1ch nikdy neslou\u017e\u00ed k identifikaci u\u017eivatel\u016f str\u00e1nek. P\u0159i pou\u017e\u00edv\u00e1n\u00ed webov\u00fdch str\u00e1nek jsou soubory cookie odes\u00edl\u00e1ny tak\u00e9 t\u0159et\u00edmi stranami, tj. spole\u010dnostmi Facebook, Google, kter\u00e9 slou\u017e\u00ed k sestavov\u00e1n\u00ed anonymn\u00edch souhrnn\u00fdch statistik a spr\u00e1v\u011b reklamy. Podrobn\u00e9 informace o tom, jak tyto subjekty soubory cookie pou\u017e\u00edvaj\u00ed, naleznete na jejich webov\u00fdch str\u00e1nk\u00e1ch.<\/p><p>U\u017eivatel slu\u017eby m\u016f\u017ee podporu cookies odm\u00edtnout \u00fapravou konfigura\u010dn\u00edho nastaven\u00ed sv\u00e9ho internetov\u00e9ho prohl\u00ed\u017ee\u010de. Vzhledem k \u0159e\u0161en\u00edm pou\u017e\u00edvan\u00fdm na str\u00e1nk\u00e1ch m\u016f\u017ee odm\u00edtnut\u00ed podpory soubor\u016f cookie v\u00e9st k nespr\u00e1vn\u00e9mu fungov\u00e1n\u00ed str\u00e1nek.<\/p>\t\t\t\t\t\t\t\t<\/div>\n\t\t\t\t<\/div>\n\t\t\t\t<div class=\"elementor-element elementor-element-c4eb16b elementor-widget elementor-widget-heading\" data-id=\"c4eb16b\" data-element_type=\"widget\" data-e-type=\"widget\" data-widget_type=\"heading.default\">\n\t\t\t\t<div class=\"elementor-widget-container\">\n\t\t\t\t\t<h2 class=\"elementor-heading-title elementor-size-default\">Co jsou cookies?<\/h2>\t\t\t\t<\/div>\n\t\t\t\t<\/div>\n\t\t\t\t<div class=\"elementor-element elementor-element-c0d4443 elementor-widget elementor-widget-text-editor\" data-id=\"c0d4443\" data-element_type=\"widget\" data-e-type=\"widget\" data-widget_type=\"text-editor.default\">\n\t\t\t\t<div class=\"elementor-widget-container\">\n\t\t\t\t\t\t\t\t\t<p>Soubory cookie jsou mal\u00e9 soubory ulo\u017een\u00e9 v internetov\u00e9m prohl\u00ed\u017ee\u010di, kter\u00e9 slou\u017e\u00ed k rozpozn\u00e1n\u00ed u\u017eivatele p\u0159i prohl\u00ed\u017een\u00ed webov\u00fdch str\u00e1nek.<br \/>Soubory cookie se d\u011bl\u00ed na jednor\u00e1zov\u00e9 (v\u00e1zan\u00e9 pouze na aktu\u00e1ln\u00ed n\u00e1v\u0161t\u011bvu webu), dlouhodob\u00e9 (aktivn\u00ed do ur\u010dit\u00e9 doby) a trval\u00e9 (platn\u00e9 do vymaz\u00e1n\u00ed).<\/p>\t\t\t\t\t\t\t\t<\/div>\n\t\t\t\t<\/div>\n\t\t\t\t\t<\/div>\n\t\t\t\t<\/div>\n\t\t\t\t<\/div>\n\t\t","protected":false},"excerpt":{"rendered":"<p>Pou\u017e\u00edv\u00e1n\u00edm webov\u00fdch str\u00e1nek WPDistro.cz u\u017eivatel souhlas\u00ed s pou\u017e\u00edv\u00e1n\u00edm soubor\u016f cookie zp\u016fsobem a pro \u00fa\u010dely uveden\u00e9 v t\u011bchto z\u00e1sad\u00e1ch. Tato webov\u00e1 pou\u017e\u00edv\u00e1 vlastn\u00ed soubory cookie a soubory cookie t\u0159et\u00edch stran za \u00fa\u010delem poskytov\u00e1n\u00ed konkuren\u010dn\u00edch slu\u017eeb, v\u010detn\u011b personalizace jimi poskytovan\u00fdch informac\u00ed. Soubory cookie odes\u00edlan\u00e9 prost\u0159ednictv\u00edm webov\u00fdch str\u00e1nek pou\u017e\u00edv\u00e1me k: Zachycen\u00ed anonymn\u00edch statistik o n\u00e1v\u0161t\u011bvnosti a zp\u016fsobu pohybu [&hellip;]<\/p>\n","protected":false},"author":1,"featured_media":0,"parent":0,"menu_order":0,"comment_status":"closed","ping_status":"closed","template":"","meta":{"_acf_changed":false,"footnotes":""},"class_list":["post-11139","page","type-page","status-publish","hentry"],"acf":[],"_links":{"self":[{"href":"https:\/\/konference-projektovani.cz\/index.php?rest_route=\/wp\/v2\/pages\/11139","targetHints":{"allow":["GET"]}}],"collection":[{"href":"https:\/\/konference-projektovani.cz\/index.php?rest_route=\/wp\/v2\/pages"}],"about":[{"href":"https:\/\/konference-projektovani.cz\/index.php?rest_route=\/wp\/v2\/types\/page"}],"author":[{"embeddable":true,"href":"https:\/\/konference-projektovani.cz\/index.php?rest_route=\/wp\/v2\/users\/1"}],"replies":[{"embeddable":true,"href":"https:\/\/konference-projektovani.cz\/index.php?rest_route=%2Fwp%2Fv2%2Fcomments&post=11139"}],"version-history":[{"count":10,"href":"https:\/\/konference-projektovani.cz\/index.php?rest_route=\/wp\/v2\/pages\/11139\/revisions"}],"predecessor-version":[{"id":11150,"href":"https:\/\/konference-projektovani.cz\/index.php?rest_route=\/wp\/v2\/pages\/11139\/revisions\/11150"}],"wp:attachment":[{"href":"https:\/\/konference-projektovani.cz\/index.php?rest_route=%2Fwp%2Fv2%2Fmedia&parent=11139"}],"curies":[{"name":"wp","href":"https:\/\/api.w.org\/{rel}","templated":true}]}}