{"id":281,"date":"2022-02-20T18:56:55","date_gmt":"2022-02-20T17:56:55","guid":{"rendered":"https:\/\/konference-projektovani.cz\/?page_id=281"},"modified":"2023-05-09T10:16:16","modified_gmt":"2023-05-09T09:16:16","slug":"kontakty","status":"publish","type":"page","link":"https:\/\/konference-projektovani.cz\/?page_id=281","title":{"rendered":"Kontakty"},"content":{"rendered":"\t\t<div data-elementor-type=\"wp-page\" data-elementor-id=\"281\" class=\"elementor elementor-281\" data-elementor-post-type=\"page\">\n\t\t\t\t<div class=\"elementor-element elementor-element-0c303e5 e-flex e-con-boxed e-con e-parent\" data-id=\"0c303e5\" data-element_type=\"container\" data-e-type=\"container\">\n\t\t\t\t\t<div class=\"e-con-inner\">\n\t\t\t\t<div class=\"elementor-element elementor-element-041a6c3 elementor-widget elementor-widget-heading\" data-id=\"041a6c3\" data-element_type=\"widget\" data-e-type=\"widget\" data-widget_type=\"heading.default\">\n\t\t\t\t<div class=\"elementor-widget-container\">\n\t\t\t\t\t<h1 class=\"elementor-heading-title elementor-size-default\">Kontakty<\/h1>\t\t\t\t<\/div>\n\t\t\t\t<\/div>\n\t\t\t\t<div class=\"elementor-element elementor-element-7c08db5 elementor-widget-mobile__width-inherit elementor-widget elementor-widget-text-editor\" data-id=\"7c08db5\" data-element_type=\"widget\" data-e-type=\"widget\" data-widget_type=\"text-editor.default\">\n\t\t\t\t<div class=\"elementor-widget-container\">\n\t\t\t\t\t\t\t\t\t<p><strong>PRAGOPROJEKT, a.s., Odd\u011blen\u00ed publika\u010dn\u00edch a \u0161kolic\u00edch \u010dinnost\u00ed<\/strong><br \/>Th\u00e1mova 181\/20, 186 00 Praha 8<br \/>E-mail:\u00a0<a href=\"mailto:svs@pragoprojekt.cz\">svs@pragoprojekt.cz<\/a><\/p><p><strong>Organizace konference<br \/><\/strong>Ing. Radka Knottov\u00e1<br \/>Mobil: 606 522 341<br \/>E-mail:\u00a0<a href=\"mailto:radka.knottova@pragoprojekt.cz\">radka.knottova@pragoprojekt.cz<\/a><\/p><p><strong>Fakturace<\/strong><br \/>Romana Vardanov\u00e1<br \/>Mobil: 602 217 281<br \/>E-mail: <a href=\"mailto:romana.vardanova@pragoprojekt.cz\">romana.vardanova@pragoprojekt.cz<\/a><\/p><p><strong>Medi\u00e1ln\u00ed spolupr\u00e1ce a firemn\u00ed prezentace<\/strong><br \/>Mgr. Eva Proch\u00e1zkov\u00e1<br \/>Mobil: 728 054 964<br \/>E-mail: <a href=\"mailto:eva.prochazkova@pragoprojekt.cz\">eva.prochazkova@pragoprojekt.cz<\/a><\/p><p><strong>Sekretari\u00e1t<\/strong><br \/>Pavl\u00edna Jon\u00e1\u0161ov\u00e1<br \/>Mobil: 724 101 992<br \/>E-mail: <a href=\"mailto:pavlina.jonasova@pragoprojekt.cz\">pavlina.jonasova@pragoprojekt.cz<\/a><\/p><p><strong>Jednatel Sdru\u017een\u00ed<\/strong><br \/>Ing. Petr Svoboda<br \/>Mobil: 724 174 647<br \/>E-mail: <a href=\"mailto:petr.svoboda@pragoprojekt.cz\">petr.svoboda@pragoprojekt.cz<\/a><\/p>\t\t\t\t\t\t\t\t<\/div>\n\t\t\t\t<\/div>\n\t\t\t\t\t<\/div>\n\t\t\t\t<\/div>\n\t\t\t\t<\/div>\n\t\t","protected":false},"excerpt":{"rendered":"<p>Kontakty PRAGOPROJEKT, a.s., Odd\u011blen\u00ed publika\u010dn\u00edch a \u0161kolic\u00edch \u010dinnost\u00edTh\u00e1mova 181\/20, 186 00 Praha 8E-mail:\u00a0svs@pragoprojekt.cz Organizace konferenceIng. Radka Knottov\u00e1Mobil: 606 522 341E-mail:\u00a0radka.knottova@pragoprojekt.cz FakturaceRomana Vardanov\u00e1Mobil: 602 217 281E-mail: romana.vardanova@pragoprojekt.cz Medi\u00e1ln\u00ed spolupr\u00e1ce a firemn\u00ed prezentaceMgr. Eva Proch\u00e1zkov\u00e1Mobil: 728 054 964E-mail: eva.prochazkova@pragoprojekt.cz Sekretari\u00e1tPavl\u00edna Jon\u00e1\u0161ov\u00e1Mobil: 724 101 992E-mail: pavlina.jonasova@pragoprojekt.cz Jednatel Sdru\u017een\u00edIng. Petr SvobodaMobil: 724 174 647E-mail: petr.svoboda@pragoprojekt.cz<\/p>\n","protected":false},"author":1,"featured_media":0,"parent":0,"menu_order":0,"comment_status":"closed","ping_status":"closed","template":"","meta":{"_acf_changed":false,"footnotes":""},"class_list":["post-281","page","type-page","status-publish","hentry"],"acf":[],"_links":{"self":[{"href":"https:\/\/konference-projektovani.cz\/index.php?rest_route=\/wp\/v2\/pages\/281","targetHints":{"allow":["GET"]}}],"collection":[{"href":"https:\/\/konference-projektovani.cz\/index.php?rest_route=\/wp\/v2\/pages"}],"about":[{"href":"https:\/\/konference-projektovani.cz\/index.php?rest_route=\/wp\/v2\/types\/page"}],"author":[{"embeddable":true,"href":"https:\/\/konference-projektovani.cz\/index.php?rest_route=\/wp\/v2\/users\/1"}],"replies":[{"embeddable":true,"href":"https:\/\/konference-projektovani.cz\/index.php?rest_route=%2Fwp%2Fv2%2Fcomments&post=281"}],"version-history":[{"count":45,"href":"https:\/\/konference-projektovani.cz\/index.php?rest_route=\/wp\/v2\/pages\/281\/revisions"}],"predecessor-version":[{"id":11294,"href":"https:\/\/konference-projektovani.cz\/index.php?rest_route=\/wp\/v2\/pages\/281\/revisions\/11294"}],"wp:attachment":[{"href":"https:\/\/konference-projektovani.cz\/index.php?rest_route=%2Fwp%2Fv2%2Fmedia&parent=281"}],"curies":[{"name":"wp","href":"https:\/\/api.w.org\/{rel}","templated":true}]}}