{"id":9,"date":"2022-02-16T15:17:47","date_gmt":"2022-02-16T15:17:47","guid":{"rendered":"https:\/\/konference-projektovani.cz\/?page_id=9"},"modified":"2024-10-01T10:26:21","modified_gmt":"2024-10-01T09:26:21","slug":"home","status":"publish","type":"page","link":"https:\/\/konference-projektovani.cz\/","title":{"rendered":"Home"},"content":{"rendered":"\t\t<div data-elementor-type=\"wp-page\" data-elementor-id=\"9\" class=\"elementor elementor-9\" data-elementor-post-type=\"page\">\n\t\t\t\t<div data-dce-background-overlay-color=\"#000000\" data-dce-background-image-url=\"https:\/\/konference-projektovani.cz\/wp-content\/uploads\/2024\/09\/obr-ppk-25.jpg\" class=\"elementor-element elementor-element-d992681 e-con-full e-flex e-con e-parent\" data-id=\"d992681\" data-element_type=\"container\" data-e-type=\"container\" data-settings=\"{&quot;background_background&quot;:&quot;classic&quot;}\">\n\t\t\t\t<div data-dce-title-color=\"#FFFFFF\" class=\"elementor-element elementor-element-43bf1da elementor-widget elementor-widget-heading\" data-id=\"43bf1da\" data-element_type=\"widget\" data-e-type=\"widget\" data-widget_type=\"heading.default\">\n\t\t\t\t<div class=\"elementor-widget-container\">\n\t\t\t\t\t<h1 class=\"elementor-heading-title elementor-size-default\">Konference<br>Projektov\u00e1n\u00ed pozemn\u00edch komunikac\u00ed<\/h1>\t\t\t\t<\/div>\n\t\t\t\t<\/div>\n\t\t\t\t<div data-dce-text-color=\"#FFFFFF\" class=\"elementor-element elementor-element-cc82637 elementor-icon-list--layout-inline elementor-align-center elementor-list-item-link-full_width elementor-widget elementor-widget-icon-list\" data-id=\"cc82637\" data-element_type=\"widget\" data-e-type=\"widget\" id=\"conference_info\" data-widget_type=\"icon-list.default\">\n\t\t\t\t<div class=\"elementor-widget-container\">\n\t\t\t\t\t\t\t<ul class=\"elementor-icon-list-items elementor-inline-items\">\n\t\t\t\t\t\t\t<li class=\"elementor-icon-list-item elementor-inline-item\">\n\t\t\t\t\t\t\t\t\t\t\t<span class=\"elementor-icon-list-icon\">\n\t\t\t\t\t\t\t<i aria-hidden=\"true\" class=\"far fa-calendar-minus\"><\/i>\t\t\t\t\t\t<\/span>\n\t\t\t\t\t\t\t\t\t\t<span class=\"elementor-icon-list-text\">28.05.2025<\/span>\n\t\t\t\t\t\t\t\t\t<\/li>\n\t\t\t\t\t\t\t\t<li class=\"elementor-icon-list-item elementor-inline-item\">\n\t\t\t\t\t\t\t\t\t\t\t<span class=\"elementor-icon-list-icon\">\n\t\t\t\t\t\t\t<i aria-hidden=\"true\" class=\"fas fa-map-marker-alt\"><\/i>\t\t\t\t\t\t<\/span>\n\t\t\t\t\t\t\t\t\t\t<span class=\"elementor-icon-list-text\">Praha 9<\/span>\n\t\t\t\t\t\t\t\t\t<\/li>\n\t\t\t\t\t\t\t\t<li class=\"elementor-icon-list-item elementor-inline-item\">\n\t\t\t\t\t\t\t\t\t\t\t<span class=\"elementor-icon-list-icon\">\n\t\t\t\t\t\t\t<i aria-hidden=\"true\" class=\"far fa-map\"><\/i>\t\t\t\t\t\t<\/span>\n\t\t\t\t\t\t\t\t\t\t<span class=\"elementor-icon-list-text\">Hotel DUO<\/span>\n\t\t\t\t\t\t\t\t\t<\/li>\n\t\t\t\t\t\t<\/ul>\n\t\t\t\t\t\t<\/div>\n\t\t\t\t<\/div>\n\t\t\t\t<div class=\"elementor-element elementor-element-f852b16 elementor-view-default elementor-widget elementor-widget-icon\" data-id=\"f852b16\" data-element_type=\"widget\" data-e-type=\"widget\" data-widget_type=\"icon.default\">\n\t\t\t\t<div class=\"elementor-widget-container\">\n\t\t\t\t\t\t\t<div class=\"elementor-icon-wrapper\">\n\t\t\t<a class=\"elementor-icon\" href=\"#hp\">\n\t\t\t<i aria-hidden=\"true\" class=\"fas fa-chevron-down\"><\/i>\t\t\t<\/a>\n\t\t<\/div>\n\t\t\t\t\t\t<\/div>\n\t\t\t\t<\/div>\n\t\t\t\t<\/div>\n\t\t<div class=\"elementor-element elementor-element-d510f9e e-flex e-con-boxed e-con e-parent\" data-id=\"d510f9e\" data-element_type=\"container\" data-e-type=\"container\">\n\t\t\t\t\t<div class=\"e-con-inner\">\n\t\t\t\t<div class=\"elementor-element elementor-element-5e24fbd elementor-widget elementor-widget-menu-anchor\" data-id=\"5e24fbd\" data-element_type=\"widget\" data-e-type=\"widget\" data-widget_type=\"menu-anchor.default\">\n\t\t\t\t<div class=\"elementor-widget-container\">\n\t\t\t\t\t\t\t<div class=\"elementor-menu-anchor\" id=\"hp\"><\/div>\n\t\t\t\t\t\t<\/div>\n\t\t\t\t<\/div>\n\t\t\t\t\t<\/div>\n\t\t\t\t<\/div>\n\t\t<div data-dce-background-color=\"#F9F9F9\" class=\"elementor-element elementor-element-ef614c4 e-flex e-con-boxed e-con e-parent\" data-id=\"ef614c4\" data-element_type=\"container\" data-e-type=\"container\" data-settings=\"{&quot;background_background&quot;:&quot;classic&quot;}\">\n\t\t\t\t\t<div class=\"e-con-inner\">\n\t\t\t\t<div class=\"elementor-element elementor-element-c05e04a elementor-widget elementor-widget-text-editor\" data-id=\"c05e04a\" data-element_type=\"widget\" data-e-type=\"widget\" id=\"conference_text\" data-widget_type=\"text-editor.default\">\n\t\t\t\t<div class=\"elementor-widget-container\">\n\t\t\t\t\t\t\t\t\t<div class=\"elementor-element elementor-element-af1098b elementor-widget elementor-widget-heading\" data-id=\"af1098b\" data-element_type=\"widget\" data-widget_type=\"heading.default\">\r\n<div class=\"elementor-widget-container\"><strong>V po\u0159ad\u00ed <\/strong><strong>11. konference Projektov\u00e1n\u00ed pozemn\u00edch komunikac\u00ed<\/strong> se uskute\u010dnila dne <strong>28. 5. 2025 <\/strong>v hotelu Duo, Praha 9. Z\u00fa\u010dastnilo se 216 osob. D\u011bkujeme.<\/div>\r\n<\/div>\r\n<div><a href=\"http:\/\/konference-projektovani.cz\/wp-content\/uploads\/2025\/03\/Zastita-ministra-Kupky.pdf\">Z\u00e1\u0161tita ministra dopravy M. Kupky<\/a><\/div>\r\n<div><a href=\"http:\/\/konference-projektovani.cz\/wp-content\/uploads\/2025\/05\/Konference-PPK-program-final.pdf\">Program konference<\/a><\/div>\r\n<div><a href=\"https:\/\/svsweb.cz\/konference-projektovani\/2025\/galerie\/\">Fotogalerie<\/a><\/div>\r\n<div><a href=\"https:\/\/svsweb.cz\/konference-projektovani\/2025\/prezentace\/\">Prezentace ke sta\u017een\u00ed<\/a><\/div>\t\t\t\t\t\t\t\t<\/div>\n\t\t\t\t<\/div>\n\t\t\t\t\t<\/div>\n\t\t\t\t<\/div>\n\t\t\t\t<\/div>\n\t\t","protected":false},"excerpt":{"rendered":"<p>Konference Projektov\u00e1n\u00ed pozemn\u00edch komunikac\u00ed \u00a0<\/p>\n","protected":false},"author":1,"featured_media":11324,"parent":0,"menu_order":0,"comment_status":"closed","ping_status":"closed","template":"","meta":{"_acf_changed":false,"footnotes":""},"class_list":["post-9","page","type-page","status-publish","has-post-thumbnail","hentry"],"acf":[],"_links":{"self":[{"href":"https:\/\/konference-projektovani.cz\/index.php?rest_route=\/wp\/v2\/pages\/9","targetHints":{"allow":["GET"]}}],"collection":[{"href":"https:\/\/konference-projektovani.cz\/index.php?rest_route=\/wp\/v2\/pages"}],"about":[{"href":"https:\/\/konference-projektovani.cz\/index.php?rest_route=\/wp\/v2\/types\/page"}],"author":[{"embeddable":true,"href":"https:\/\/konference-projektovani.cz\/index.php?rest_route=\/wp\/v2\/users\/1"}],"replies":[{"embeddable":true,"href":"https:\/\/konference-projektovani.cz\/index.php?rest_route=%2Fwp%2Fv2%2Fcomments&post=9"}],"version-history":[{"count":300,"href":"https:\/\/konference-projektovani.cz\/index.php?rest_route=\/wp\/v2\/pages\/9\/revisions"}],"predecessor-version":[{"id":11327,"href":"https:\/\/konference-projektovani.cz\/index.php?rest_route=\/wp\/v2\/pages\/9\/revisions\/11327"}],"wp:featuredmedia":[{"embeddable":true,"href":"https:\/\/konference-projektovani.cz\/index.php?rest_route=\/wp\/v2\/media\/11324"}],"wp:attachment":[{"href":"https:\/\/konference-projektovani.cz\/index.php?rest_route=%2Fwp%2Fv2%2Fmedia&parent=9"}],"curies":[{"name":"wp","href":"https:\/\/api.w.org\/{rel}","templated":true}]}}